{"id":6564,"date":"2023-09-13T18:02:57","date_gmt":"2025-05-21T11:10:39","guid":{"rendered":"https:\/\/baltic-scaff.eu\/parduotuve\/uncategorized\/ieskruvejiet-stabu-zeme-cinkots-u-veida\/"},"modified":"2025-06-10T15:40:50","modified_gmt":"2025-06-10T12:40:50","slug":"ieskruvejiet-stabu-zeme-cinkots-u-veida","status":"publish","type":"product","link":"https:\/\/baltic-scaff.eu\/lv\/veikals\/skruvju-pali\/ieskruvejiet-stabu-zeme-cinkots-u-veida\/","title":{"rendered":"Ieskr\u016bv\u0113jiet stabu zem\u0113. Cinkots. U-veida. Sienu biezums 2 mm."},"content":{"rendered":"","protected":false},"excerpt":{"rendered":"<p>U veida spir\u0101lveida p\u0101\u013ci ir univers\u0101li p\u0101\u013ci, kas paredz\u0113ti t\u012brai, bez bedr\u0113m un betona ier\u012bko\u0161anai teras\u0113s un cit\u0101s viegl\u0101s konstrukcij\u0101s.<\/p>\n","protected":false},"featured_media":6565,"comment_status":"closed","ping_status":"closed","template":"","meta":{"_monsterinsights_skip_tracking":false,"_monsterinsights_sitenote_active":false,"_monsterinsights_sitenote_note":"","_monsterinsights_sitenote_category":0},"product_brand":[],"product_cat":[1049],"product_tag":[],"class_list":{"0":"post-6564","1":"product","2":"type-product","3":"status-publish","4":"has-post-thumbnail","6":"product_cat-skruvju-pali","8":"first","9":"instock","10":"taxable","11":"shipping-taxable","12":"purchasable","13":"product-type-variable"},"_links":{"self":[{"href":"https:\/\/baltic-scaff.eu\/lv\/wp-json\/wp\/v2\/product\/6564","targetHints":{"allow":["GET"]}}],"collection":[{"href":"https:\/\/baltic-scaff.eu\/lv\/wp-json\/wp\/v2\/product"}],"about":[{"href":"https:\/\/baltic-scaff.eu\/lv\/wp-json\/wp\/v2\/types\/product"}],"replies":[{"embeddable":true,"href":"https:\/\/baltic-scaff.eu\/lv\/wp-json\/wp\/v2\/comments?post=6564"}],"wp:featuredmedia":[{"embeddable":true,"href":"https:\/\/baltic-scaff.eu\/lv\/wp-json\/wp\/v2\/media\/6565"}],"wp:attachment":[{"href":"https:\/\/baltic-scaff.eu\/lv\/wp-json\/wp\/v2\/media?parent=6564"}],"wp:term":[{"taxonomy":"product_brand","embeddable":true,"href":"https:\/\/baltic-scaff.eu\/lv\/wp-json\/wp\/v2\/product_brand?post=6564"},{"taxonomy":"product_cat","embeddable":true,"href":"https:\/\/baltic-scaff.eu\/lv\/wp-json\/wp\/v2\/product_cat?post=6564"},{"taxonomy":"product_tag","embeddable":true,"href":"https:\/\/baltic-scaff.eu\/lv\/wp-json\/wp\/v2\/product_tag?post=6564"}],"curies":[{"name":"wp","href":"https:\/\/api.w.org\/{rel}","templated":true}]}}