{"id":6591,"date":"2023-04-03T22:24:57","date_gmt":"2025-05-21T11:10:56","guid":{"rendered":"https:\/\/baltic-scaff.eu\/parduotuve\/uncategorized\/platforma-ar-luku\/"},"modified":"2025-05-21T14:10:56","modified_gmt":"2025-05-21T11:10:56","slug":"platforma-ar-luku","status":"publish","type":"product","link":"https:\/\/baltic-scaff.eu\/lv\/veikals\/aluminija-torni\/aluminija-torna-dalas\/platforma-ar-luku\/","title":{"rendered":"Platforma ar l\u016bku"},"content":{"rendered":"","protected":false},"excerpt":{"rendered":"<p>Darba platforma ar integr\u0113tu l\u016bku dro\u0161ai un \u0113rtai piek\u013cuvei, ar mitruma necaurlaid\u012bgu un nesl\u012bdo\u0161u pamatni.<\/p>\n","protected":false},"featured_media":6592,"comment_status":"closed","ping_status":"closed","template":"","meta":{"_monsterinsights_skip_tracking":false,"_monsterinsights_sitenote_active":false,"_monsterinsights_sitenote_note":"","_monsterinsights_sitenote_category":0},"product_brand":[],"product_cat":[1043,1042],"product_tag":[],"class_list":{"0":"post-6591","1":"product","2":"type-product","3":"status-publish","4":"has-post-thumbnail","6":"product_cat-aluminija-torna-dalas","7":"product_cat-aluminija-torni","9":"first","10":"instock","11":"taxable","12":"shipping-taxable","13":"purchasable","14":"product-type-variable"},"_links":{"self":[{"href":"https:\/\/baltic-scaff.eu\/lv\/wp-json\/wp\/v2\/product\/6591","targetHints":{"allow":["GET"]}}],"collection":[{"href":"https:\/\/baltic-scaff.eu\/lv\/wp-json\/wp\/v2\/product"}],"about":[{"href":"https:\/\/baltic-scaff.eu\/lv\/wp-json\/wp\/v2\/types\/product"}],"replies":[{"embeddable":true,"href":"https:\/\/baltic-scaff.eu\/lv\/wp-json\/wp\/v2\/comments?post=6591"}],"wp:featuredmedia":[{"embeddable":true,"href":"https:\/\/baltic-scaff.eu\/lv\/wp-json\/wp\/v2\/media\/6592"}],"wp:attachment":[{"href":"https:\/\/baltic-scaff.eu\/lv\/wp-json\/wp\/v2\/media?parent=6591"}],"wp:term":[{"taxonomy":"product_brand","embeddable":true,"href":"https:\/\/baltic-scaff.eu\/lv\/wp-json\/wp\/v2\/product_brand?post=6591"},{"taxonomy":"product_cat","embeddable":true,"href":"https:\/\/baltic-scaff.eu\/lv\/wp-json\/wp\/v2\/product_cat?post=6591"},{"taxonomy":"product_tag","embeddable":true,"href":"https:\/\/baltic-scaff.eu\/lv\/wp-json\/wp\/v2\/product_tag?post=6591"}],"curies":[{"name":"wp","href":"https:\/\/api.w.org\/{rel}","templated":true}]}}