{"id":6619,"date":"2023-04-03T19:35:50","date_gmt":"2025-05-21T11:11:13","guid":{"rendered":"https:\/\/baltic-scaff.eu\/parduotuve\/uncategorized\/aluminija-ramis-ar-kapnem-075-m\/"},"modified":"2025-05-21T14:11:13","modified_gmt":"2025-05-21T11:11:13","slug":"aluminija-ramis-ar-kapnem-075-m","status":"publish","type":"product","link":"https:\/\/baltic-scaff.eu\/lv\/veikals\/aluminija-torni\/aluminija-torna-dalas\/aluminija-ramis-ar-kapnem-075-m\/","title":{"rendered":"Alum\u012bnija r\u0101mis ar k\u0101pn\u0113m 0,75 m."},"content":{"rendered":"","protected":false},"excerpt":{"rendered":"<p>\u0160aurs s\u0101nu r\u0101mis ar integr\u0113t\u0101m k\u0101pn\u0113m \u0113rtai un dro\u0161ai k\u0101p\u0161anai. Nesl\u012bd\u0113\u0161anas pak\u0101pieni. R\u0101mja sienas biezums 2 mm. Caurules diametrs 50,8 mm.<\/p>\n","protected":false},"featured_media":6620,"comment_status":"closed","ping_status":"closed","template":"","meta":{"_monsterinsights_skip_tracking":false,"_monsterinsights_sitenote_active":false,"_monsterinsights_sitenote_note":"","_monsterinsights_sitenote_category":0},"product_brand":[],"product_cat":[1043,1042],"product_tag":[],"class_list":{"0":"post-6619","1":"product","2":"type-product","3":"status-publish","4":"has-post-thumbnail","6":"product_cat-aluminija-torna-dalas","7":"product_cat-aluminija-torni","9":"first","10":"instock","11":"taxable","12":"shipping-taxable","13":"purchasable","14":"product-type-simple"},"_links":{"self":[{"href":"https:\/\/baltic-scaff.eu\/lv\/wp-json\/wp\/v2\/product\/6619","targetHints":{"allow":["GET"]}}],"collection":[{"href":"https:\/\/baltic-scaff.eu\/lv\/wp-json\/wp\/v2\/product"}],"about":[{"href":"https:\/\/baltic-scaff.eu\/lv\/wp-json\/wp\/v2\/types\/product"}],"replies":[{"embeddable":true,"href":"https:\/\/baltic-scaff.eu\/lv\/wp-json\/wp\/v2\/comments?post=6619"}],"wp:featuredmedia":[{"embeddable":true,"href":"https:\/\/baltic-scaff.eu\/lv\/wp-json\/wp\/v2\/media\/6620"}],"wp:attachment":[{"href":"https:\/\/baltic-scaff.eu\/lv\/wp-json\/wp\/v2\/media?parent=6619"}],"wp:term":[{"taxonomy":"product_brand","embeddable":true,"href":"https:\/\/baltic-scaff.eu\/lv\/wp-json\/wp\/v2\/product_brand?post=6619"},{"taxonomy":"product_cat","embeddable":true,"href":"https:\/\/baltic-scaff.eu\/lv\/wp-json\/wp\/v2\/product_cat?post=6619"},{"taxonomy":"product_tag","embeddable":true,"href":"https:\/\/baltic-scaff.eu\/lv\/wp-json\/wp\/v2\/product_tag?post=6619"}],"curies":[{"name":"wp","href":"https:\/\/api.w.org\/{rel}","templated":true}]}}