{"id":6628,"date":"2021-03-30T10:05:19","date_gmt":"2025-05-21T11:11:27","guid":{"rendered":"https:\/\/baltic-scaff.eu\/parduotuve\/uncategorized\/cinkota-parsedzes-statne\/"},"modified":"2025-05-21T14:11:27","modified_gmt":"2025-05-21T11:11:27","slug":"cinkota-parsedzes-statne","status":"publish","type":"product","link":"https:\/\/baltic-scaff.eu\/lv\/veikals\/veidni\/cinkota-parsedzes-statne\/","title":{"rendered":"Cinkota p\u0101rsedzes statne"},"content":{"rendered":"","protected":false},"excerpt":{"rendered":"<p>Celtniec\u012bbas konstrukciju balstam.<br \/>\nRegul\u0113jams garums <strong>2,00 &#8211; 3,50 m.<\/strong><br \/>\nSlodzes iztur\u012bba l\u012bdz <strong>2000 &#8211; 830 kg <\/strong>(saloc\u012bt\u0101 st\u0101vokl\u012b 2,00 m. iztur 2000 kg, bet saloc\u012bt\u0101 st\u0101vokl\u012b 3,50 m. iztur 830 kg.)<br \/>\nSvars <strong>9,9 kg.<\/strong><\/p>\n<p>&nbsp;<\/p>\n","protected":false},"featured_media":6629,"comment_status":"closed","ping_status":"closed","template":"","meta":{"_monsterinsights_skip_tracking":false,"_monsterinsights_sitenote_active":false,"_monsterinsights_sitenote_note":"","_monsterinsights_sitenote_category":0},"product_brand":[],"product_cat":[1064],"product_tag":[],"class_list":{"0":"post-6628","1":"product","2":"type-product","3":"status-publish","4":"has-post-thumbnail","6":"product_cat-veidni","8":"first","9":"instock","10":"sale","11":"taxable","12":"shipping-taxable","13":"purchasable","14":"product-type-simple"},"_links":{"self":[{"href":"https:\/\/baltic-scaff.eu\/lv\/wp-json\/wp\/v2\/product\/6628","targetHints":{"allow":["GET"]}}],"collection":[{"href":"https:\/\/baltic-scaff.eu\/lv\/wp-json\/wp\/v2\/product"}],"about":[{"href":"https:\/\/baltic-scaff.eu\/lv\/wp-json\/wp\/v2\/types\/product"}],"replies":[{"embeddable":true,"href":"https:\/\/baltic-scaff.eu\/lv\/wp-json\/wp\/v2\/comments?post=6628"}],"wp:featuredmedia":[{"embeddable":true,"href":"https:\/\/baltic-scaff.eu\/lv\/wp-json\/wp\/v2\/media\/6629"}],"wp:attachment":[{"href":"https:\/\/baltic-scaff.eu\/lv\/wp-json\/wp\/v2\/media?parent=6628"}],"wp:term":[{"taxonomy":"product_brand","embeddable":true,"href":"https:\/\/baltic-scaff.eu\/lv\/wp-json\/wp\/v2\/product_brand?post=6628"},{"taxonomy":"product_cat","embeddable":true,"href":"https:\/\/baltic-scaff.eu\/lv\/wp-json\/wp\/v2\/product_cat?post=6628"},{"taxonomy":"product_tag","embeddable":true,"href":"https:\/\/baltic-scaff.eu\/lv\/wp-json\/wp\/v2\/product_tag?post=6628"}],"curies":[{"name":"wp","href":"https:\/\/api.w.org\/{rel}","templated":true}]}}