{"id":6633,"date":"2023-04-03T16:38:51","date_gmt":"2025-05-21T11:11:28","guid":{"rendered":"https:\/\/baltic-scaff.eu\/parduotuve\/uncategorized\/saurs-aluminija-tornis-25-x-075-x-964-m\/"},"modified":"2025-05-21T14:11:28","modified_gmt":"2025-05-21T11:11:28","slug":"saurs-aluminija-tornis-25-x-075-x-964-m","status":"publish","type":"product","link":"https:\/\/baltic-scaff.eu\/lv\/veikals\/aluminija-torni\/aluminija-tornu-komplekti\/saurs-aluminija-tornis-25-x-075-x-964-m\/","title":{"rendered":"\u0160aurs alum\u012bnija tornis 2,5 x 0,75 x 9,64 m."},"content":{"rendered":"<p>Ietver:<\/p>\n<table class=\"produkto_lentele\" style=\"border-collapse: collapse; width: 100%;\">\n<tbody>\n<tr>\n<td style=\"width: 50%;\">Alum\u012bnija r\u0101mis 0,75 x 1,86 m.<\/td>\n<td style=\"width: 50%;\">4<\/td>\n<\/tr>\n<tr>\n<td style=\"width: 50%;\">Alum\u012bnija r\u0101mis ar k\u0101pn\u0113m 0,75 x 1,86 m.<\/td>\n<td style=\"width: 50%;\">4<\/td>\n<\/tr>\n<tr>\n<td style=\"width: 50%;\">Platforma bez l\u016bkas 2,5 m.<\/td>\n<td style=\"width: 50%;\">0<\/td>\n<\/tr>\n<tr>\n<td style=\"width: 50%;\">Platforma ar l\u016bku 2,5 m.<\/td>\n<td style=\"width: 50%;\">2<\/td>\n<\/tr>\n<tr>\n<td style=\"width: 50%;\">Horizont\u0101li 2,5 m.<\/td>\n<td style=\"width: 50%;\">10<\/td>\n<\/tr>\n<tr>\n<td style=\"width: 50%;\">Diagon\u0101le 2,67 m.<\/td>\n<td style=\"width: 50%;\">8<\/td>\n<\/tr>\n<tr>\n<td style=\"width: 50%;\">Aizsargapmales aug\u0161\u0113jais r\u0101mis 0,75 x 1 m.<\/td>\n<td style=\"width: 50%;\">2<\/td>\n<\/tr>\n<tr>\n<td style=\"width: 50%;\">Stabilizators 2,6 &#8211; 3,2 m.<\/td>\n<td style=\"width: 50%;\">2<\/td>\n<\/tr>\n<tr>\n<td style=\"width: 50%;\">Regul\u0113jams ritenis (200 mm)<\/td>\n<td style=\"width: 50%;\">4<\/td>\n<\/tr>\n<\/tbody>\n<\/table>\n<p>&nbsp;<\/p>\n<p>Tehniskie dati:<\/p>\n<ul>\n<li>Izm\u0113ri: 2,50 m x 0,75 m x 9,64 m.  <\/li>\n<li>Svars: 188,4 kg.<\/li>\n<li>Darba augstums: 9,64 m<\/li>\n<li>Platformas augstums: 7,64 m.<\/li>\n<\/ul>\n<p>&nbsp;<\/p>\n<ul>\n<li>S\u0101nu r\u0101mji ar integr\u0113t\u0101m k\u0101pn\u0113m.<\/li>\n<li>Alum\u012bnija r\u0101mja diametrs 50,8 mm.<\/li>\n<li>Alum\u012bnija r\u0101mja sienas biezums 2 mm.<\/li>\n<li>Alum\u012bnija sakaus\u0113jums: 6061-T6.<\/li>\n<li>Kravnes\u012bba l\u012bdz 272 kg uz platformu vai 1000 kg.  visam tornim, ieskaitot tor\u0146a svaru.<\/li>\n<li>Iztur\u012bgas 200 mm diametra gumijas atsl\u0113gas ar regul\u0113jamu augstumu un bremz\u0113m.<\/li>\n<li>Iesp\u0113ja izv\u0113l\u0113ties 2,0 m garus tor\u0146us. <\/li>\n<\/ul>\n<p>&nbsp;<\/p>\n","protected":false},"excerpt":{"rendered":"<p>Alum\u012bnija tor\u0146i ir iztur\u012bgi un viegli. Tas ir kvalitat\u012bvs alum\u012bnija tornis lieto\u0161anai iek\u0161telp\u0101s un \u0101rpus telp\u0101m. R\u0101mji ar integr\u0113t\u0101m k\u0101pn\u0113m, kas nodro\u0161ina daudz \u0113rt\u0101ku un dro\u0161\u0101ku k\u0101p\u0161anu.  <\/p>\n","protected":false},"featured_media":6634,"comment_status":"closed","ping_status":"closed","template":"","meta":{"_monsterinsights_skip_tracking":false,"_monsterinsights_sitenote_active":false,"_monsterinsights_sitenote_note":"","_monsterinsights_sitenote_category":0},"product_brand":[],"product_cat":[1042,1060],"product_tag":[],"class_list":{"0":"post-6633","1":"product","2":"type-product","3":"status-publish","4":"has-post-thumbnail","6":"product_cat-aluminija-torni","7":"product_cat-aluminija-tornu-komplekti","9":"first","10":"instock","11":"taxable","12":"shipping-taxable","13":"purchasable","14":"product-type-simple"},"_links":{"self":[{"href":"https:\/\/baltic-scaff.eu\/lv\/wp-json\/wp\/v2\/product\/6633","targetHints":{"allow":["GET"]}}],"collection":[{"href":"https:\/\/baltic-scaff.eu\/lv\/wp-json\/wp\/v2\/product"}],"about":[{"href":"https:\/\/baltic-scaff.eu\/lv\/wp-json\/wp\/v2\/types\/product"}],"replies":[{"embeddable":true,"href":"https:\/\/baltic-scaff.eu\/lv\/wp-json\/wp\/v2\/comments?post=6633"}],"wp:featuredmedia":[{"embeddable":true,"href":"https:\/\/baltic-scaff.eu\/lv\/wp-json\/wp\/v2\/media\/6634"}],"wp:attachment":[{"href":"https:\/\/baltic-scaff.eu\/lv\/wp-json\/wp\/v2\/media?parent=6633"}],"wp:term":[{"taxonomy":"product_brand","embeddable":true,"href":"https:\/\/baltic-scaff.eu\/lv\/wp-json\/wp\/v2\/product_brand?post=6633"},{"taxonomy":"product_cat","embeddable":true,"href":"https:\/\/baltic-scaff.eu\/lv\/wp-json\/wp\/v2\/product_cat?post=6633"},{"taxonomy":"product_tag","embeddable":true,"href":"https:\/\/baltic-scaff.eu\/lv\/wp-json\/wp\/v2\/product_tag?post=6633"}],"curies":[{"name":"wp","href":"https:\/\/api.w.org\/{rel}","templated":true}]}}