{"id":6638,"date":"2023-04-03T19:32:39","date_gmt":"2025-05-21T11:11:30","guid":{"rendered":"https:\/\/baltic-scaff.eu\/parduotuve\/uncategorized\/aluminija-ramis-ar-kapnem-135-m\/"},"modified":"2025-05-21T14:11:30","modified_gmt":"2025-05-21T11:11:30","slug":"aluminija-ramis-ar-kapnem-135-m","status":"publish","type":"product","link":"https:\/\/baltic-scaff.eu\/lv\/veikals\/aluminija-torni\/aluminija-torna-dalas\/aluminija-ramis-ar-kapnem-135-m\/","title":{"rendered":"Alum\u012bnija r\u0101mis ar k\u0101pn\u0113m 1,35 m."},"content":{"rendered":"","protected":false},"excerpt":{"rendered":"<p>Pla\u0161s s\u0101nu r\u0101mis ar integr\u0113t\u0101m k\u0101pn\u0113m \u0113rtai un dro\u0161ai k\u0101p\u0161anai. Nesl\u012bdo\u0161as k\u0101pnes. R\u0101mja sieni\u0146u biezums 2 mm. Caurules diametrs 50,8 mm.   <\/p>\n","protected":false},"featured_media":6639,"comment_status":"closed","ping_status":"closed","template":"","meta":{"_monsterinsights_skip_tracking":false,"_monsterinsights_sitenote_active":false,"_monsterinsights_sitenote_note":"","_monsterinsights_sitenote_category":0},"product_brand":[],"product_cat":[1043,1042],"product_tag":[],"class_list":{"0":"post-6638","1":"product","2":"type-product","3":"status-publish","4":"has-post-thumbnail","6":"product_cat-aluminija-torna-dalas","7":"product_cat-aluminija-torni","9":"first","10":"instock","11":"taxable","12":"shipping-taxable","13":"purchasable","14":"product-type-simple"},"_links":{"self":[{"href":"https:\/\/baltic-scaff.eu\/lv\/wp-json\/wp\/v2\/product\/6638","targetHints":{"allow":["GET"]}}],"collection":[{"href":"https:\/\/baltic-scaff.eu\/lv\/wp-json\/wp\/v2\/product"}],"about":[{"href":"https:\/\/baltic-scaff.eu\/lv\/wp-json\/wp\/v2\/types\/product"}],"replies":[{"embeddable":true,"href":"https:\/\/baltic-scaff.eu\/lv\/wp-json\/wp\/v2\/comments?post=6638"}],"wp:featuredmedia":[{"embeddable":true,"href":"https:\/\/baltic-scaff.eu\/lv\/wp-json\/wp\/v2\/media\/6639"}],"wp:attachment":[{"href":"https:\/\/baltic-scaff.eu\/lv\/wp-json\/wp\/v2\/media?parent=6638"}],"wp:term":[{"taxonomy":"product_brand","embeddable":true,"href":"https:\/\/baltic-scaff.eu\/lv\/wp-json\/wp\/v2\/product_brand?post=6638"},{"taxonomy":"product_cat","embeddable":true,"href":"https:\/\/baltic-scaff.eu\/lv\/wp-json\/wp\/v2\/product_cat?post=6638"},{"taxonomy":"product_tag","embeddable":true,"href":"https:\/\/baltic-scaff.eu\/lv\/wp-json\/wp\/v2\/product_tag?post=6638"}],"curies":[{"name":"wp","href":"https:\/\/api.w.org\/{rel}","templated":true}]}}