{"id":6652,"date":"2023-04-03T19:55:48","date_gmt":"2025-05-21T11:11:44","guid":{"rendered":"https:\/\/baltic-scaff.eu\/parduotuve\/uncategorized\/diagonala\/"},"modified":"2025-05-21T14:11:44","modified_gmt":"2025-05-21T11:11:44","slug":"diagonala","status":"publish","type":"product","link":"https:\/\/baltic-scaff.eu\/lv\/veikals\/aluminija-torni\/aluminija-torna-dalas\/diagonala\/","title":{"rendered":"Diagon\u0101l\u0101"},"content":{"rendered":"","protected":false},"excerpt":{"rendered":"<p>Tor\u0146a stiprin\u0101juma diagon\u0101le ir \u0161\u0137\u0113rsvirziena, ar pa\u0161blo\u0137\u0113jo\u0161iem, \u0101tri un viegli atveramiem fiksatoriem.<\/p>\n","protected":false},"featured_media":6653,"comment_status":"closed","ping_status":"closed","template":"","meta":{"_monsterinsights_skip_tracking":false,"_monsterinsights_sitenote_active":false,"_monsterinsights_sitenote_note":"","_monsterinsights_sitenote_category":0},"product_brand":[],"product_cat":[1043,1042],"product_tag":[],"class_list":{"0":"post-6652","1":"product","2":"type-product","3":"status-publish","4":"has-post-thumbnail","6":"product_cat-aluminija-torna-dalas","7":"product_cat-aluminija-torni","9":"first","10":"instock","11":"taxable","12":"shipping-taxable","13":"purchasable","14":"product-type-variable"},"_links":{"self":[{"href":"https:\/\/baltic-scaff.eu\/lv\/wp-json\/wp\/v2\/product\/6652","targetHints":{"allow":["GET"]}}],"collection":[{"href":"https:\/\/baltic-scaff.eu\/lv\/wp-json\/wp\/v2\/product"}],"about":[{"href":"https:\/\/baltic-scaff.eu\/lv\/wp-json\/wp\/v2\/types\/product"}],"replies":[{"embeddable":true,"href":"https:\/\/baltic-scaff.eu\/lv\/wp-json\/wp\/v2\/comments?post=6652"}],"wp:featuredmedia":[{"embeddable":true,"href":"https:\/\/baltic-scaff.eu\/lv\/wp-json\/wp\/v2\/media\/6653"}],"wp:attachment":[{"href":"https:\/\/baltic-scaff.eu\/lv\/wp-json\/wp\/v2\/media?parent=6652"}],"wp:term":[{"taxonomy":"product_brand","embeddable":true,"href":"https:\/\/baltic-scaff.eu\/lv\/wp-json\/wp\/v2\/product_brand?post=6652"},{"taxonomy":"product_cat","embeddable":true,"href":"https:\/\/baltic-scaff.eu\/lv\/wp-json\/wp\/v2\/product_cat?post=6652"},{"taxonomy":"product_tag","embeddable":true,"href":"https:\/\/baltic-scaff.eu\/lv\/wp-json\/wp\/v2\/product_tag?post=6652"}],"curies":[{"name":"wp","href":"https:\/\/api.w.org\/{rel}","templated":true}]}}