{"id":6663,"date":"2021-03-30T09:14:07","date_gmt":"2025-05-21T11:12:15","guid":{"rendered":"https:\/\/baltic-scaff.eu\/parduotuve\/uncategorized\/zoga-segments-pabeigts\/"},"modified":"2025-05-21T14:12:15","modified_gmt":"2025-05-21T11:12:15","slug":"zoga-segments-pabeigts","status":"publish","type":"product","link":"https:\/\/baltic-scaff.eu\/lv\/veikals\/buvnieciba-pagaidu-zogi\/zoga-segments-pabeigts\/","title":{"rendered":"\u017doga segments pabeigts"},"content":{"rendered":"","protected":false},"excerpt":{"rendered":"<p>\u017doga segmenta komplekts <strong>2300 x 2000<\/strong><br \/>\nAugstums &#8211; <strong>2000 mm.<\/strong><br \/>\nGarums &#8211; <strong>2300 mm<\/strong>.<br \/>\nVertik\u0101l\u0101 r\u0101mja diametrs <strong>40 mm x 1,2 mm.<\/strong><br \/>\nLoksnes biezums &#8211; <strong>0,5 mm.<\/strong><br \/>\nSvars &#8211; <strong>32,1 kg.<\/strong><\/p>\n","protected":false},"featured_media":6664,"comment_status":"closed","ping_status":"closed","template":"","meta":{"_monsterinsights_skip_tracking":false,"_monsterinsights_sitenote_active":false,"_monsterinsights_sitenote_note":"","_monsterinsights_sitenote_category":0},"product_brand":[],"product_cat":[1067],"product_tag":[],"class_list":{"0":"post-6663","1":"product","2":"type-product","3":"status-publish","4":"has-post-thumbnail","6":"product_cat-buvnieciba-pagaidu-zogi","8":"first","9":"instock","10":"taxable","11":"shipping-taxable","12":"purchasable","13":"product-type-simple"},"_links":{"self":[{"href":"https:\/\/baltic-scaff.eu\/lv\/wp-json\/wp\/v2\/product\/6663","targetHints":{"allow":["GET"]}}],"collection":[{"href":"https:\/\/baltic-scaff.eu\/lv\/wp-json\/wp\/v2\/product"}],"about":[{"href":"https:\/\/baltic-scaff.eu\/lv\/wp-json\/wp\/v2\/types\/product"}],"replies":[{"embeddable":true,"href":"https:\/\/baltic-scaff.eu\/lv\/wp-json\/wp\/v2\/comments?post=6663"}],"wp:featuredmedia":[{"embeddable":true,"href":"https:\/\/baltic-scaff.eu\/lv\/wp-json\/wp\/v2\/media\/6664"}],"wp:attachment":[{"href":"https:\/\/baltic-scaff.eu\/lv\/wp-json\/wp\/v2\/media?parent=6663"}],"wp:term":[{"taxonomy":"product_brand","embeddable":true,"href":"https:\/\/baltic-scaff.eu\/lv\/wp-json\/wp\/v2\/product_brand?post=6663"},{"taxonomy":"product_cat","embeddable":true,"href":"https:\/\/baltic-scaff.eu\/lv\/wp-json\/wp\/v2\/product_cat?post=6663"},{"taxonomy":"product_tag","embeddable":true,"href":"https:\/\/baltic-scaff.eu\/lv\/wp-json\/wp\/v2\/product_tag?post=6663"}],"curies":[{"name":"wp","href":"https:\/\/api.w.org\/{rel}","templated":true}]}}