{"id":6670,"date":"2021-03-30T09:12:45","date_gmt":"2025-05-21T11:12:19","guid":{"rendered":"https:\/\/baltic-scaff.eu\/parduotuve\/uncategorized\/pastiprinats-zoga-segments\/"},"modified":"2025-05-21T14:12:19","modified_gmt":"2025-05-21T11:12:19","slug":"pastiprinats-zoga-segments","status":"publish","type":"product","link":"https:\/\/baltic-scaff.eu\/lv\/veikals\/buvnieciba-pagaidu-zogi\/pastiprinats-zoga-segments\/","title":{"rendered":"Pastiprin\u0101ts \u017eoga segments"},"content":{"rendered":"","protected":false},"excerpt":{"rendered":"<p>\u017doga segments <strong>3500 x 2000<\/strong><br \/>\nAugstums <strong>2000 mm.<\/strong><br \/>\nGarums <strong>3500 mm.<\/strong><br \/>\nHorizont\u0101l\u0101 r\u0101mja diametrs 30 <strong>mm.<\/strong><br \/>\nVertik\u0101l\u0101 r\u0101mja diametrs <strong>40 mm.<\/strong><br \/>\nStieples diametrs <strong>2,5 mm.<\/strong><br \/>\nAcs izm\u0113rs <strong>100 mm x 260 mm.<\/strong><br \/>\nSvars <strong>13,60 kg.<\/strong><\/p>\n","protected":false},"featured_media":6672,"comment_status":"closed","ping_status":"closed","template":"","meta":{"_monsterinsights_skip_tracking":false,"_monsterinsights_sitenote_active":false,"_monsterinsights_sitenote_note":"","_monsterinsights_sitenote_category":0},"product_brand":[],"product_cat":[1067],"product_tag":[],"class_list":{"0":"post-6670","1":"product","2":"type-product","3":"status-publish","4":"has-post-thumbnail","6":"product_cat-buvnieciba-pagaidu-zogi","8":"first","9":"instock","10":"taxable","11":"shipping-taxable","12":"purchasable","13":"product-type-simple"},"_links":{"self":[{"href":"https:\/\/baltic-scaff.eu\/lv\/wp-json\/wp\/v2\/product\/6670","targetHints":{"allow":["GET"]}}],"collection":[{"href":"https:\/\/baltic-scaff.eu\/lv\/wp-json\/wp\/v2\/product"}],"about":[{"href":"https:\/\/baltic-scaff.eu\/lv\/wp-json\/wp\/v2\/types\/product"}],"replies":[{"embeddable":true,"href":"https:\/\/baltic-scaff.eu\/lv\/wp-json\/wp\/v2\/comments?post=6670"}],"wp:featuredmedia":[{"embeddable":true,"href":"https:\/\/baltic-scaff.eu\/lv\/wp-json\/wp\/v2\/media\/6672"}],"wp:attachment":[{"href":"https:\/\/baltic-scaff.eu\/lv\/wp-json\/wp\/v2\/media?parent=6670"}],"wp:term":[{"taxonomy":"product_brand","embeddable":true,"href":"https:\/\/baltic-scaff.eu\/lv\/wp-json\/wp\/v2\/product_brand?post=6670"},{"taxonomy":"product_cat","embeddable":true,"href":"https:\/\/baltic-scaff.eu\/lv\/wp-json\/wp\/v2\/product_cat?post=6670"},{"taxonomy":"product_tag","embeddable":true,"href":"https:\/\/baltic-scaff.eu\/lv\/wp-json\/wp\/v2\/product_tag?post=6670"}],"curies":[{"name":"wp","href":"https:\/\/api.w.org\/{rel}","templated":true}]}}