{"id":6707,"date":"2021-03-26T17:51:26","date_gmt":"2025-05-21T11:12:25","guid":{"rendered":"https:\/\/baltic-scaff.eu\/parduotuve\/uncategorized\/sanu-delis-sanu-delis\/"},"modified":"2025-05-21T14:12:25","modified_gmt":"2025-05-21T11:12:25","slug":"sanu-delis-sanu-delis","status":"publish","type":"product","link":"https:\/\/baltic-scaff.eu\/lv\/veikals\/modularas-sastatnes\/sanu-delis-sanu-delis\/","title":{"rendered":"S\u0101nu d\u0113lis, s\u0101nu d\u0113lis"},"content":{"rendered":"","protected":false},"excerpt":{"rendered":"","protected":false},"featured_media":6701,"comment_status":"closed","ping_status":"closed","template":"","meta":{"_monsterinsights_skip_tracking":false,"_monsterinsights_sitenote_active":false,"_monsterinsights_sitenote_note":"","_monsterinsights_sitenote_category":0},"product_brand":[],"product_cat":[1074],"product_tag":[],"class_list":{"0":"post-6707","1":"product","2":"type-product","3":"status-publish","4":"has-post-thumbnail","6":"product_cat-modularas-sastatnes","8":"first","9":"instock","10":"taxable","11":"shipping-taxable","12":"purchasable","13":"product-type-variable"},"_links":{"self":[{"href":"https:\/\/baltic-scaff.eu\/lv\/wp-json\/wp\/v2\/product\/6707","targetHints":{"allow":["GET"]}}],"collection":[{"href":"https:\/\/baltic-scaff.eu\/lv\/wp-json\/wp\/v2\/product"}],"about":[{"href":"https:\/\/baltic-scaff.eu\/lv\/wp-json\/wp\/v2\/types\/product"}],"replies":[{"embeddable":true,"href":"https:\/\/baltic-scaff.eu\/lv\/wp-json\/wp\/v2\/comments?post=6707"}],"wp:featuredmedia":[{"embeddable":true,"href":"https:\/\/baltic-scaff.eu\/lv\/wp-json\/wp\/v2\/media\/6701"}],"wp:attachment":[{"href":"https:\/\/baltic-scaff.eu\/lv\/wp-json\/wp\/v2\/media?parent=6707"}],"wp:term":[{"taxonomy":"product_brand","embeddable":true,"href":"https:\/\/baltic-scaff.eu\/lv\/wp-json\/wp\/v2\/product_brand?post=6707"},{"taxonomy":"product_cat","embeddable":true,"href":"https:\/\/baltic-scaff.eu\/lv\/wp-json\/wp\/v2\/product_cat?post=6707"},{"taxonomy":"product_tag","embeddable":true,"href":"https:\/\/baltic-scaff.eu\/lv\/wp-json\/wp\/v2\/product_tag?post=6707"}],"curies":[{"name":"wp","href":"https:\/\/api.w.org\/{rel}","templated":true}]}}