{"id":6758,"date":"2021-03-30T09:26:19","date_gmt":"2025-05-21T11:22:15","guid":{"rendered":"https:\/\/baltic-scaff.eu\/parduotuve\/uncategorized\/zoga-atbalsts\/"},"modified":"2025-05-21T14:22:15","modified_gmt":"2025-05-21T11:22:15","slug":"zoga-atbalsts","status":"publish","type":"product","link":"https:\/\/baltic-scaff.eu\/lv\/veikals\/buvnieciba-pagaidu-zogi\/zoga-atbalsts\/","title":{"rendered":"\u017doga atbalsts"},"content":{"rendered":"","protected":false},"excerpt":{"rendered":"<p>Univers\u0101ls \u017eoga balsts ar savienot\u0101ju.<br \/>\nSvars <strong>2,2 kg<\/strong><\/p>\n","protected":false},"featured_media":6760,"comment_status":"closed","ping_status":"closed","template":"","meta":{"_monsterinsights_skip_tracking":false,"_monsterinsights_sitenote_active":false,"_monsterinsights_sitenote_note":"","_monsterinsights_sitenote_category":0},"product_brand":[],"product_cat":[1067],"product_tag":[],"class_list":{"0":"post-6758","1":"product","2":"type-product","3":"status-publish","4":"has-post-thumbnail","6":"product_cat-buvnieciba-pagaidu-zogi","8":"first","9":"instock","10":"taxable","11":"shipping-taxable","12":"purchasable","13":"product-type-simple"},"_links":{"self":[{"href":"https:\/\/baltic-scaff.eu\/lv\/wp-json\/wp\/v2\/product\/6758","targetHints":{"allow":["GET"]}}],"collection":[{"href":"https:\/\/baltic-scaff.eu\/lv\/wp-json\/wp\/v2\/product"}],"about":[{"href":"https:\/\/baltic-scaff.eu\/lv\/wp-json\/wp\/v2\/types\/product"}],"replies":[{"embeddable":true,"href":"https:\/\/baltic-scaff.eu\/lv\/wp-json\/wp\/v2\/comments?post=6758"}],"wp:featuredmedia":[{"embeddable":true,"href":"https:\/\/baltic-scaff.eu\/lv\/wp-json\/wp\/v2\/media\/6760"}],"wp:attachment":[{"href":"https:\/\/baltic-scaff.eu\/lv\/wp-json\/wp\/v2\/media?parent=6758"}],"wp:term":[{"taxonomy":"product_brand","embeddable":true,"href":"https:\/\/baltic-scaff.eu\/lv\/wp-json\/wp\/v2\/product_brand?post=6758"},{"taxonomy":"product_cat","embeddable":true,"href":"https:\/\/baltic-scaff.eu\/lv\/wp-json\/wp\/v2\/product_cat?post=6758"},{"taxonomy":"product_tag","embeddable":true,"href":"https:\/\/baltic-scaff.eu\/lv\/wp-json\/wp\/v2\/product_tag?post=6758"}],"curies":[{"name":"wp","href":"https:\/\/api.w.org\/{rel}","templated":true}]}}