{"id":6776,"date":"2023-04-03T14:16:45","date_gmt":"2025-05-21T11:22:17","guid":{"rendered":"https:\/\/baltic-scaff.eu\/parduotuve\/uncategorized\/aluminija-mobilais-saliekamais-tornis-a-modulis\/"},"modified":"2025-05-21T14:22:17","modified_gmt":"2025-05-21T11:22:17","slug":"aluminija-mobilais-saliekamais-tornis-a-modulis","status":"publish","type":"product","link":"https:\/\/baltic-scaff.eu\/lv\/veikals\/aluminija-torni\/aluminija-tornu-komplekti\/aluminija-mobilais-saliekamais-tornis-a-modulis\/","title":{"rendered":"Alum\u012bnija mobilais saliekamais tornis (A modulis)"},"content":{"rendered":"<p>Ietver:<\/p>\n<ul>\n<li>Salok\u0101ms r\u0101mis.<\/li>\n<li>Alum\u012bnija platforma 1,90 x 0,65 m.<\/li>\n<li>Rite\u0146u diametrs \u00d8125 mm.<\/li>\n<\/ul>\n<p>Tehniskie dati:<\/p>\n<ul>\n<li>Izm\u0113ri: 1,91 m x 0,68 m x 1,85 m.  <\/li>\n<li>Svars: 35,96 kg.<\/li>\n<li>Darba augstums: 3,00 m.<\/li>\n<li>Platformas augstums: 1,00 m.<\/li>\n<\/ul>\n<p>&nbsp;<\/p>\n<ul>\n<li>\u0100tri saliekams, salok\u0101ms r\u0101mis.<\/li>\n<li>Gumijas rite\u0146i ar bremz\u0113m, diametrs 127 mm.<\/li>\n<li>Kravnes\u012bba l\u012bdz 200 kg.<\/li>\n<li>Alum\u012bnija r\u0101mja sienas biezums 2 mm.<\/li>\n<li>Alum\u012bnija r\u0101mja diametrs 50,8 mm.<\/li>\n<li>Alum\u012bnija sakaus\u0113jums: 6061-T6<\/li>\n<\/ul>\n","protected":false},"excerpt":{"rendered":"<p>Viegls, \u0101tri samont\u0113jams tornis lieto\u0161anai iek\u0161telp\u0101s un \u0101rpus telp\u0101m. Pateicoties t\u0101 izm\u0113ram, tas iek\u013caujas iek\u0161durv\u012bs. Komplekt\u0101 ir nesl\u012bdo\u0161a platforma un rite\u0146i ar bremz\u0113m dro\u0161ai darb\u012bbai.  <\/p>\n","protected":false},"featured_media":6777,"comment_status":"closed","ping_status":"closed","template":"","meta":{"_monsterinsights_skip_tracking":false,"_monsterinsights_sitenote_active":false,"_monsterinsights_sitenote_note":"","_monsterinsights_sitenote_category":0},"product_brand":[],"product_cat":[1042,1060],"product_tag":[],"class_list":{"0":"post-6776","1":"product","2":"type-product","3":"status-publish","4":"has-post-thumbnail","6":"product_cat-aluminija-torni","7":"product_cat-aluminija-tornu-komplekti","9":"first","10":"instock","11":"taxable","12":"shipping-taxable","13":"purchasable","14":"product-type-simple"},"_links":{"self":[{"href":"https:\/\/baltic-scaff.eu\/lv\/wp-json\/wp\/v2\/product\/6776","targetHints":{"allow":["GET"]}}],"collection":[{"href":"https:\/\/baltic-scaff.eu\/lv\/wp-json\/wp\/v2\/product"}],"about":[{"href":"https:\/\/baltic-scaff.eu\/lv\/wp-json\/wp\/v2\/types\/product"}],"replies":[{"embeddable":true,"href":"https:\/\/baltic-scaff.eu\/lv\/wp-json\/wp\/v2\/comments?post=6776"}],"wp:featuredmedia":[{"embeddable":true,"href":"https:\/\/baltic-scaff.eu\/lv\/wp-json\/wp\/v2\/media\/6777"}],"wp:attachment":[{"href":"https:\/\/baltic-scaff.eu\/lv\/wp-json\/wp\/v2\/media?parent=6776"}],"wp:term":[{"taxonomy":"product_brand","embeddable":true,"href":"https:\/\/baltic-scaff.eu\/lv\/wp-json\/wp\/v2\/product_brand?post=6776"},{"taxonomy":"product_cat","embeddable":true,"href":"https:\/\/baltic-scaff.eu\/lv\/wp-json\/wp\/v2\/product_cat?post=6776"},{"taxonomy":"product_tag","embeddable":true,"href":"https:\/\/baltic-scaff.eu\/lv\/wp-json\/wp\/v2\/product_tag?post=6776"}],"curies":[{"name":"wp","href":"https:\/\/api.w.org\/{rel}","templated":true}]}}