{"id":6788,"date":"2021-03-30T09:24:58","date_gmt":"2025-05-21T11:23:05","guid":{"rendered":"https:\/\/baltic-scaff.eu\/parduotuve\/uncategorized\/savienotajs-zogiem\/"},"modified":"2025-05-21T14:23:05","modified_gmt":"2025-05-21T11:23:05","slug":"savienotajs-zogiem","status":"publish","type":"product","link":"https:\/\/baltic-scaff.eu\/lv\/veikals\/buvnieciba-pagaidu-zogi\/savienotajs-zogiem\/","title":{"rendered":"Savienot\u0101js \u017eogiem"},"content":{"rendered":"","protected":false},"excerpt":{"rendered":"<p>Univers\u0101l\u0101 \u017eoga savienojuma fiksators.<br \/>\nSvars <strong>0,2 kg<\/strong><\/p>\n","protected":false},"featured_media":6789,"comment_status":"closed","ping_status":"closed","template":"","meta":{"_monsterinsights_skip_tracking":false,"_monsterinsights_sitenote_active":false,"_monsterinsights_sitenote_note":"","_monsterinsights_sitenote_category":0},"product_brand":[],"product_cat":[1067],"product_tag":[],"class_list":{"0":"post-6788","1":"product","2":"type-product","3":"status-publish","4":"has-post-thumbnail","6":"product_cat-buvnieciba-pagaidu-zogi","8":"first","9":"instock","10":"taxable","11":"shipping-taxable","12":"purchasable","13":"product-type-simple"},"_links":{"self":[{"href":"https:\/\/baltic-scaff.eu\/lv\/wp-json\/wp\/v2\/product\/6788","targetHints":{"allow":["GET"]}}],"collection":[{"href":"https:\/\/baltic-scaff.eu\/lv\/wp-json\/wp\/v2\/product"}],"about":[{"href":"https:\/\/baltic-scaff.eu\/lv\/wp-json\/wp\/v2\/types\/product"}],"replies":[{"embeddable":true,"href":"https:\/\/baltic-scaff.eu\/lv\/wp-json\/wp\/v2\/comments?post=6788"}],"wp:featuredmedia":[{"embeddable":true,"href":"https:\/\/baltic-scaff.eu\/lv\/wp-json\/wp\/v2\/media\/6789"}],"wp:attachment":[{"href":"https:\/\/baltic-scaff.eu\/lv\/wp-json\/wp\/v2\/media?parent=6788"}],"wp:term":[{"taxonomy":"product_brand","embeddable":true,"href":"https:\/\/baltic-scaff.eu\/lv\/wp-json\/wp\/v2\/product_brand?post=6788"},{"taxonomy":"product_cat","embeddable":true,"href":"https:\/\/baltic-scaff.eu\/lv\/wp-json\/wp\/v2\/product_cat?post=6788"},{"taxonomy":"product_tag","embeddable":true,"href":"https:\/\/baltic-scaff.eu\/lv\/wp-json\/wp\/v2\/product_tag?post=6788"}],"curies":[{"name":"wp","href":"https:\/\/api.w.org\/{rel}","templated":true}]}}