{"id":6951,"date":"2021-03-23T08:58:19","date_gmt":"2025-05-21T11:29:51","guid":{"rendered":"https:\/\/baltic-scaff.eu\/parduotuve\/uncategorized\/vertikalais-aluminija-ramis-073-m\/"},"modified":"2025-05-21T14:29:51","modified_gmt":"2025-05-21T11:29:51","slug":"vertikalais-aluminija-ramis-073-m","status":"publish","type":"product","link":"https:\/\/baltic-scaff.eu\/lv\/veikals\/fasades-sastatnes-l73\/vertikalais-aluminija-ramis-073-m\/","title":{"rendered":"Vertik\u0101lais alum\u012bnija r\u0101mis 0,73 m."},"content":{"rendered":"","protected":false},"excerpt":{"rendered":"","protected":false},"featured_media":6952,"comment_status":"closed","ping_status":"closed","template":"","meta":{"_monsterinsights_skip_tracking":false,"_monsterinsights_sitenote_active":false,"_monsterinsights_sitenote_note":"","_monsterinsights_sitenote_category":0},"product_brand":[],"product_cat":[1032],"product_tag":[],"class_list":{"0":"post-6951","1":"product","2":"type-product","3":"status-publish","4":"has-post-thumbnail","6":"product_cat-fasades-sastatnes-l73","8":"first","9":"instock","10":"taxable","11":"shipping-taxable","12":"purchasable","13":"product-type-variable"},"_links":{"self":[{"href":"https:\/\/baltic-scaff.eu\/lv\/wp-json\/wp\/v2\/product\/6951","targetHints":{"allow":["GET"]}}],"collection":[{"href":"https:\/\/baltic-scaff.eu\/lv\/wp-json\/wp\/v2\/product"}],"about":[{"href":"https:\/\/baltic-scaff.eu\/lv\/wp-json\/wp\/v2\/types\/product"}],"replies":[{"embeddable":true,"href":"https:\/\/baltic-scaff.eu\/lv\/wp-json\/wp\/v2\/comments?post=6951"}],"wp:featuredmedia":[{"embeddable":true,"href":"https:\/\/baltic-scaff.eu\/lv\/wp-json\/wp\/v2\/media\/6952"}],"wp:attachment":[{"href":"https:\/\/baltic-scaff.eu\/lv\/wp-json\/wp\/v2\/media?parent=6951"}],"wp:term":[{"taxonomy":"product_brand","embeddable":true,"href":"https:\/\/baltic-scaff.eu\/lv\/wp-json\/wp\/v2\/product_brand?post=6951"},{"taxonomy":"product_cat","embeddable":true,"href":"https:\/\/baltic-scaff.eu\/lv\/wp-json\/wp\/v2\/product_cat?post=6951"},{"taxonomy":"product_tag","embeddable":true,"href":"https:\/\/baltic-scaff.eu\/lv\/wp-json\/wp\/v2\/product_tag?post=6951"}],"curies":[{"name":"wp","href":"https:\/\/api.w.org\/{rel}","templated":true}]}}