{"id":7118,"date":"2025-06-10T15:51:56","date_gmt":"2025-06-10T12:51:57","guid":{"rendered":"https:\/\/baltic-scaff.eu\/?post_type=product&#038;p=7118"},"modified":"2025-06-10T18:21:53","modified_gmt":"2025-06-10T15:21:53","slug":"ieskruvejiet-stabu-zeme-m12-cinkots-m-veida-sienas-biezums-2-mm-kopija","status":"publish","type":"product","link":"https:\/\/baltic-scaff.eu\/lv\/veikals\/skruvju-pali\/ieskruvejiet-stabu-zeme-m12-cinkots-m-veida-sienas-biezums-2-mm-kopija\/","title":{"rendered":"Skr\u016bv\u0113jams stabs M16\/M24. Cinkots. M-veida. Sienas biezums 3 mm."},"content":{"rendered":"","protected":false},"excerpt":{"rendered":"<p>M tipa skr\u016bvju p\u0101lim ir se\u0161st\u016braina pl\u0101ksne aug\u0161pus\u0113 ar M12 skr\u016bvi vid\u016b, kas regul\u0113 ekstr\u016bzijas augstumu.<\/p>\n","protected":false},"featured_media":6577,"comment_status":"closed","ping_status":"closed","template":"","meta":{"_monsterinsights_skip_tracking":false,"_monsterinsights_sitenote_active":false,"_monsterinsights_sitenote_note":"","_monsterinsights_sitenote_category":0},"product_brand":[],"product_cat":[1049],"product_tag":[],"class_list":{"0":"post-7118","1":"product","2":"type-product","3":"status-publish","4":"has-post-thumbnail","6":"product_cat-skruvju-pali","8":"first","9":"instock","10":"taxable","11":"shipping-taxable","12":"purchasable","13":"product-type-variable"},"_links":{"self":[{"href":"https:\/\/baltic-scaff.eu\/lv\/wp-json\/wp\/v2\/product\/7118","targetHints":{"allow":["GET"]}}],"collection":[{"href":"https:\/\/baltic-scaff.eu\/lv\/wp-json\/wp\/v2\/product"}],"about":[{"href":"https:\/\/baltic-scaff.eu\/lv\/wp-json\/wp\/v2\/types\/product"}],"replies":[{"embeddable":true,"href":"https:\/\/baltic-scaff.eu\/lv\/wp-json\/wp\/v2\/comments?post=7118"}],"wp:featuredmedia":[{"embeddable":true,"href":"https:\/\/baltic-scaff.eu\/lv\/wp-json\/wp\/v2\/media\/6577"}],"wp:attachment":[{"href":"https:\/\/baltic-scaff.eu\/lv\/wp-json\/wp\/v2\/media?parent=7118"}],"wp:term":[{"taxonomy":"product_brand","embeddable":true,"href":"https:\/\/baltic-scaff.eu\/lv\/wp-json\/wp\/v2\/product_brand?post=7118"},{"taxonomy":"product_cat","embeddable":true,"href":"https:\/\/baltic-scaff.eu\/lv\/wp-json\/wp\/v2\/product_cat?post=7118"},{"taxonomy":"product_tag","embeddable":true,"href":"https:\/\/baltic-scaff.eu\/lv\/wp-json\/wp\/v2\/product_tag?post=7118"}],"curies":[{"name":"wp","href":"https:\/\/api.w.org\/{rel}","templated":true}]}}